{"id":683,"date":"2022-03-20T17:17:57","date_gmt":"2022-03-20T14:17:57","guid":{"rendered":"https:\/\/sobar.com.tr\/?page_id=683"},"modified":"2024-10-07T00:02:27","modified_gmt":"2024-10-06T21:02:27","slug":"urunlerimiz","status":"publish","type":"page","link":"https:\/\/sobar.com.tr\/en\/urunlerimiz\/","title":{"rendered":"Products"},"content":{"rendered":"<div data-elementor-type=\"wp-page\" data-elementor-id=\"683\" class=\"elementor elementor-683\">\n\t\t\t\t\t\t<section class=\"elementor-section elementor-top-section elementor-element elementor-element-9bc489e elementor-section-full_width elementor-section-stretched elementor-section-height-default elementor-section-height-default\" data-id=\"9bc489e\" data-element_type=\"section\" data-e-type=\"section\" data-settings=\"{&quot;stretch_section&quot;:&quot;section-stretched&quot;}\">\n\t\t\t\t\t\t<div class=\"elementor-container elementor-column-gap-wider\">\n\t\t\t\t\t<div class=\"elementor-column elementor-col-100 elementor-top-column elementor-element elementor-element-eafc4c3\" data-id=\"eafc4c3\" data-element_type=\"column\" data-e-type=\"column\" data-settings=\"{&quot;background_background&quot;:&quot;classic&quot;}\">\n\t\t\t<div class=\"elementor-widget-wrap elementor-element-populated\">\n\t\t\t\t\t<div class=\"elementor-background-overlay\"><\/div>\n\t\t\t\t\t\t<div class=\"elementor-element elementor-element-1ea3155 elementor-widget elementor-widget-spacer\" data-id=\"1ea3155\" data-element_type=\"widget\" data-e-type=\"widget\" data-widget_type=\"spacer.default\">\n\t\t\t\t<div class=\"elementor-widget-container\">\n\t\t\t\t\t\t\t<div class=\"elementor-spacer\">\n\t\t\t<div class=\"elementor-spacer-inner\"><\/div>\n\t\t<\/div>\n\t\t\t\t\t\t<\/div>\n\t\t\t\t<\/div>\n\t\t\t\t<div class=\"elementor-element elementor-element-9d00847 elementor-widget elementor-widget-text-editor\" data-id=\"9d00847\" data-element_type=\"widget\" data-e-type=\"widget\" data-widget_type=\"text-editor.default\">\n\t\t\t\t<div class=\"elementor-widget-container\">\n\t\t\t\t\t\t\t\t\t<h2><span style=\"color: #ffffff;\"><strong><\/strong> Products<\/span><\/h2>\t\t\t\t\t\t\t\t<\/div>\n\t\t\t\t<\/div>\n\t\t\t\t\t<\/div>\n\t\t<\/div>\n\t\t\t\t\t<\/div>\n\t\t<\/section>\n\t\t\t\t<section class=\"elementor-section elementor-top-section elementor-element elementor-element-9a9d125 elementor-section-stretched elementor-section-boxed elementor-section-height-default elementor-section-height-default\" data-id=\"9a9d125\" data-element_type=\"section\" data-e-type=\"section\" data-settings=\"{&quot;stretch_section&quot;:&quot;section-stretched&quot;,&quot;background_background&quot;:&quot;classic&quot;}\">\n\t\t\t\t\t\t\t<div class=\"elementor-background-overlay\"><\/div>\n\t\t\t\t\t\t\t<div class=\"elementor-container elementor-column-gap-extended\">\n\t\t\t\t\t<div class=\"elementor-column elementor-col-100 elementor-top-column elementor-element elementor-element-9368c39\" data-id=\"9368c39\" data-element_type=\"column\" data-e-type=\"column\" data-settings=\"{&quot;background_background&quot;:&quot;classic&quot;}\">\n\t\t\t<div class=\"elementor-widget-wrap elementor-element-populated\">\n\t\t\t\t\t\t<section class=\"elementor-section elementor-inner-section elementor-element elementor-element-e203396 elementor-section-boxed elementor-section-height-default elementor-section-height-default\" data-id=\"e203396\" data-element_type=\"section\" data-e-type=\"section\">\n\t\t\t\t\t\t<div class=\"elementor-container elementor-column-gap-default\">\n\t\t\t\t\t<div class=\"elementor-column elementor-col-33 elementor-inner-column elementor-element elementor-element-570a6dc\" data-id=\"570a6dc\" data-element_type=\"column\" data-e-type=\"column\" data-settings=\"{&quot;background_background&quot;:&quot;classic&quot;}\">\n\t\t\t<div class=\"elementor-widget-wrap elementor-element-populated\">\n\t\t\t\t\t\t<div class=\"elementor-element elementor-element-3cac851 elementor-widget elementor-widget-spacer\" data-id=\"3cac851\" data-element_type=\"widget\" data-e-type=\"widget\" data-widget_type=\"spacer.default\">\n\t\t\t\t<div class=\"elementor-widget-container\">\n\t\t\t\t\t\t\t<div class=\"elementor-spacer\">\n\t\t\t<div class=\"elementor-spacer-inner\"><\/div>\n\t\t<\/div>\n\t\t\t\t\t\t<\/div>\n\t\t\t\t<\/div>\n\t\t\t\t<div class=\"elementor-element elementor-element-647dc61 elementor-widget elementor-widget-image\" data-id=\"647dc61\" data-element_type=\"widget\" data-e-type=\"widget\" data-widget_type=\"image.default\">\n\t\t\t\t<div class=\"elementor-widget-container\">\n\t\t\t\t\t\t\t\t\t\t\t\t\t\t\t\t<a href=\"https:\/\/sobar.com.tr\/en\/strod-gfrp-kompozit\/\">\n\t\t\t\t\t\t\t<img fetchpriority=\"high\" decoding=\"async\" width=\"1054\" height=\"436\" src=\"https:\/\/sobar.com.tr\/wp-content\/uploads\/2024\/10\/2.jpg\" class=\"attachment-full size-full wp-image-2247\" alt=\"\" srcset=\"https:\/\/sobar.com.tr\/wp-content\/uploads\/2024\/10\/2.jpg 1054w, https:\/\/sobar.com.tr\/wp-content\/uploads\/2024\/10\/2-300x124.jpg 300w, https:\/\/sobar.com.tr\/wp-content\/uploads\/2024\/10\/2-1024x424.jpg 1024w, https:\/\/sobar.com.tr\/wp-content\/uploads\/2024\/10\/2-768x318.jpg 768w, https:\/\/sobar.com.tr\/wp-content\/uploads\/2024\/10\/2-18x7.jpg 18w, https:\/\/sobar.com.tr\/wp-content\/uploads\/2024\/10\/2-260x108.jpg 260w, https:\/\/sobar.com.tr\/wp-content\/uploads\/2024\/10\/2-50x21.jpg 50w, https:\/\/sobar.com.tr\/wp-content\/uploads\/2024\/10\/2-150x62.jpg 150w, https:\/\/sobar.com.tr\/wp-content\/uploads\/2024\/10\/2-800x331.jpg 800w\" sizes=\"(max-width: 1054px) 100vw, 1054px\" \/>\t\t\t\t\t\t\t\t<\/a>\n\t\t\t\t\t\t\t\t\t\t\t\t\t\t\t<\/div>\n\t\t\t\t<\/div>\n\t\t\t\t<div class=\"elementor-element elementor-element-30e2d8d elementor-widget elementor-widget-heading\" data-id=\"30e2d8d\" data-element_type=\"widget\" data-e-type=\"widget\" data-widget_type=\"heading.default\">\n\t\t\t\t<div class=\"elementor-widget-container\">\n\t\t\t\t\t<h3 class=\"elementor-heading-title elementor-size-default\"><a href=\"https:\/\/sobar.com.tr\/en\/strod-gfrp-kompozit\/\">STROD-G GFRP COMPOSITE<\/a><\/h3>\t\t\t\t<\/div>\n\t\t\t\t<\/div>\n\t\t\t\t<div class=\"elementor-element elementor-element-4c57603 elementor-widget elementor-widget-spacer\" data-id=\"4c57603\" data-element_type=\"widget\" data-e-type=\"widget\" data-widget_type=\"spacer.default\">\n\t\t\t\t<div class=\"elementor-widget-container\">\n\t\t\t\t\t\t\t<div class=\"elementor-spacer\">\n\t\t\t<div class=\"elementor-spacer-inner\"><\/div>\n\t\t<\/div>\n\t\t\t\t\t\t<\/div>\n\t\t\t\t<\/div>\n\t\t\t\t\t<\/div>\n\t\t<\/div>\n\t\t\t\t<div class=\"elementor-column elementor-col-33 elementor-inner-column elementor-element elementor-element-a7fda3b\" data-id=\"a7fda3b\" data-element_type=\"column\" data-e-type=\"column\" data-settings=\"{&quot;background_background&quot;:&quot;classic&quot;}\">\n\t\t\t<div class=\"elementor-widget-wrap elementor-element-populated\">\n\t\t\t\t\t\t<div class=\"elementor-element elementor-element-482e2d4 elementor-widget elementor-widget-spacer\" data-id=\"482e2d4\" data-element_type=\"widget\" data-e-type=\"widget\" data-widget_type=\"spacer.default\">\n\t\t\t\t<div class=\"elementor-widget-container\">\n\t\t\t\t\t\t\t<div class=\"elementor-spacer\">\n\t\t\t<div class=\"elementor-spacer-inner\"><\/div>\n\t\t<\/div>\n\t\t\t\t\t\t<\/div>\n\t\t\t\t<\/div>\n\t\t\t\t<div class=\"elementor-element elementor-element-e254401 elementor-widget elementor-widget-image\" data-id=\"e254401\" data-element_type=\"widget\" data-e-type=\"widget\" data-widget_type=\"image.default\">\n\t\t\t\t<div class=\"elementor-widget-container\">\n\t\t\t\t\t\t\t\t\t\t\t\t\t\t\t\t<a href=\"https:\/\/sobar.com.tr\/en\/adfil-sentetik-fiber-donati\/\">\n\t\t\t\t\t\t\t<img decoding=\"async\" width=\"1368\" height=\"533\" src=\"https:\/\/sobar.com.tr\/wp-content\/uploads\/2024\/10\/stropp.png\" class=\"attachment-full size-full wp-image-2312\" alt=\"\" srcset=\"https:\/\/sobar.com.tr\/wp-content\/uploads\/2024\/10\/stropp.png 1368w, https:\/\/sobar.com.tr\/wp-content\/uploads\/2024\/10\/stropp-300x117.png 300w, https:\/\/sobar.com.tr\/wp-content\/uploads\/2024\/10\/stropp-1024x399.png 1024w, https:\/\/sobar.com.tr\/wp-content\/uploads\/2024\/10\/stropp-768x299.png 768w, https:\/\/sobar.com.tr\/wp-content\/uploads\/2024\/10\/stropp-18x7.png 18w, https:\/\/sobar.com.tr\/wp-content\/uploads\/2024\/10\/stropp-260x101.png 260w, https:\/\/sobar.com.tr\/wp-content\/uploads\/2024\/10\/stropp-50x19.png 50w, https:\/\/sobar.com.tr\/wp-content\/uploads\/2024\/10\/stropp-150x58.png 150w, https:\/\/sobar.com.tr\/wp-content\/uploads\/2024\/10\/stropp-1280x500.png 1280w, https:\/\/sobar.com.tr\/wp-content\/uploads\/2024\/10\/stropp-800x312.png 800w\" sizes=\"(max-width: 1368px) 100vw, 1368px\" \/>\t\t\t\t\t\t\t\t<\/a>\n\t\t\t\t\t\t\t\t\t\t\t\t\t\t\t<\/div>\n\t\t\t\t<\/div>\n\t\t\t\t<div class=\"elementor-element elementor-element-a004041 elementor-widget elementor-widget-heading\" data-id=\"a004041\" data-element_type=\"widget\" data-e-type=\"widget\" data-widget_type=\"heading.default\">\n\t\t\t\t<div class=\"elementor-widget-container\">\n\t\t\t\t\t<h3 class=\"elementor-heading-title elementor-size-default\"><a href=\"https:\/\/sobar.com.tr\/en\/adfil-sentetik-fiber-donati\/\">STROPP SYNTHETIC FIBER REINFORCEMENTS<\/a><\/h3>\t\t\t\t<\/div>\n\t\t\t\t<\/div>\n\t\t\t\t<div class=\"elementor-element elementor-element-d2e7632 elementor-widget elementor-widget-spacer\" data-id=\"d2e7632\" data-element_type=\"widget\" data-e-type=\"widget\" data-widget_type=\"spacer.default\">\n\t\t\t\t<div class=\"elementor-widget-container\">\n\t\t\t\t\t\t\t<div class=\"elementor-spacer\">\n\t\t\t<div class=\"elementor-spacer-inner\"><\/div>\n\t\t<\/div>\n\t\t\t\t\t\t<\/div>\n\t\t\t\t<\/div>\n\t\t\t\t\t<\/div>\n\t\t<\/div>\n\t\t\t\t<div class=\"elementor-column elementor-col-33 elementor-inner-column elementor-element elementor-element-59cb945\" data-id=\"59cb945\" data-element_type=\"column\" data-e-type=\"column\" data-settings=\"{&quot;background_background&quot;:&quot;classic&quot;}\">\n\t\t\t<div class=\"elementor-widget-wrap elementor-element-populated\">\n\t\t\t\t\t\t<div class=\"elementor-element elementor-element-537eb1b elementor-widget elementor-widget-spacer\" data-id=\"537eb1b\" data-element_type=\"widget\" data-e-type=\"widget\" data-widget_type=\"spacer.default\">\n\t\t\t\t<div class=\"elementor-widget-container\">\n\t\t\t\t\t\t\t<div class=\"elementor-spacer\">\n\t\t\t<div class=\"elementor-spacer-inner\"><\/div>\n\t\t<\/div>\n\t\t\t\t\t\t<\/div>\n\t\t\t\t<\/div>\n\t\t\t\t<div class=\"elementor-element elementor-element-e21d95d elementor-widget elementor-widget-image\" data-id=\"e21d95d\" data-element_type=\"widget\" data-e-type=\"widget\" data-widget_type=\"image.default\">\n\t\t\t\t<div class=\"elementor-widget-container\">\n\t\t\t\t\t\t\t\t\t\t\t\t\t\t\t\t<a href=\"https:\/\/sobar.com.tr\/en\/flot-beton\/\">\n\t\t\t\t\t\t\t<img decoding=\"async\" width=\"845\" height=\"365\" src=\"https:\/\/sobar.com.tr\/wp-content\/uploads\/2024\/10\/3-1.jpg\" class=\"attachment-full size-full wp-image-2257\" alt=\"\" srcset=\"https:\/\/sobar.com.tr\/wp-content\/uploads\/2024\/10\/3-1.jpg 845w, https:\/\/sobar.com.tr\/wp-content\/uploads\/2024\/10\/3-1-300x130.jpg 300w, https:\/\/sobar.com.tr\/wp-content\/uploads\/2024\/10\/3-1-768x332.jpg 768w, https:\/\/sobar.com.tr\/wp-content\/uploads\/2024\/10\/3-1-18x8.jpg 18w, https:\/\/sobar.com.tr\/wp-content\/uploads\/2024\/10\/3-1-260x112.jpg 260w, https:\/\/sobar.com.tr\/wp-content\/uploads\/2024\/10\/3-1-50x22.jpg 50w, https:\/\/sobar.com.tr\/wp-content\/uploads\/2024\/10\/3-1-150x65.jpg 150w, https:\/\/sobar.com.tr\/wp-content\/uploads\/2024\/10\/3-1-800x346.jpg 800w\" sizes=\"(max-width: 845px) 100vw, 845px\" \/>\t\t\t\t\t\t\t\t<\/a>\n\t\t\t\t\t\t\t\t\t\t\t\t\t\t\t<\/div>\n\t\t\t\t<\/div>\n\t\t\t\t<div class=\"elementor-element elementor-element-9eb2425 elementor-widget elementor-widget-heading\" data-id=\"9eb2425\" data-element_type=\"widget\" data-e-type=\"widget\" data-widget_type=\"heading.default\">\n\t\t\t\t<div class=\"elementor-widget-container\">\n\t\t\t\t\t<h3 class=\"elementor-heading-title elementor-size-default\"><a href=\"https:\/\/sobar.com.tr\/en\/flot-beton\/\">STROD-C CARBON COMPOSITE<\/a><\/h3>\t\t\t\t<\/div>\n\t\t\t\t<\/div>\n\t\t\t\t<div class=\"elementor-element elementor-element-942dd5d elementor-widget elementor-widget-spacer\" data-id=\"942dd5d\" data-element_type=\"widget\" data-e-type=\"widget\" data-widget_type=\"spacer.default\">\n\t\t\t\t<div class=\"elementor-widget-container\">\n\t\t\t\t\t\t\t<div class=\"elementor-spacer\">\n\t\t\t<div class=\"elementor-spacer-inner\"><\/div>\n\t\t<\/div>\n\t\t\t\t\t\t<\/div>\n\t\t\t\t<\/div>\n\t\t\t\t\t<\/div>\n\t\t<\/div>\n\t\t\t\t\t<\/div>\n\t\t<\/section>\n\t\t\t\t\t<\/div>\n\t\t<\/div>\n\t\t\t\t\t<\/div>\n\t\t<\/section>\n\t\t\t\t<\/div>","protected":false},"excerpt":{"rendered":"<p>\u00dcr\u00fcnlerimiz STROD-G GFRP KOMPOZ\u0130T STROPP SENTET\u0130K F\u0130BER DONATI STROD-C KARBON KOMPOZ\u0130T<\/p>","protected":false},"author":2,"featured_media":0,"parent":0,"menu_order":0,"comment_status":"closed","ping_status":"closed","template":"","meta":{"footnotes":""},"class_list":["post-683","page","type-page","status-publish","hentry"],"_links":{"self":[{"href":"https:\/\/sobar.com.tr\/en\/wp-json\/wp\/v2\/pages\/683","targetHints":{"allow":["GET"]}}],"collection":[{"href":"https:\/\/sobar.com.tr\/en\/wp-json\/wp\/v2\/pages"}],"about":[{"href":"https:\/\/sobar.com.tr\/en\/wp-json\/wp\/v2\/types\/page"}],"author":[{"embeddable":true,"href":"https:\/\/sobar.com.tr\/en\/wp-json\/wp\/v2\/users\/2"}],"replies":[{"embeddable":true,"href":"https:\/\/sobar.com.tr\/en\/wp-json\/wp\/v2\/comments?post=683"}],"version-history":[{"count":31,"href":"https:\/\/sobar.com.tr\/en\/wp-json\/wp\/v2\/pages\/683\/revisions"}],"predecessor-version":[{"id":2318,"href":"https:\/\/sobar.com.tr\/en\/wp-json\/wp\/v2\/pages\/683\/revisions\/2318"}],"wp:attachment":[{"href":"https:\/\/sobar.com.tr\/en\/wp-json\/wp\/v2\/media?parent=683"}],"curies":[{"name":"wp","href":"https:\/\/api.w.org\/{rel}","templated":true}]}}